{"id":2404,"date":"2024-12-10T10:07:16","date_gmt":"2024-12-10T09:07:16","guid":{"rendered":"https:\/\/classictech.eu\/?page_id=2404"},"modified":"2025-03-13T15:22:30","modified_gmt":"2025-03-13T14:22:30","slug":"o-nas","status":"publish","type":"page","link":"https:\/\/classictech.eu\/?page_id=2404","title":{"rendered":"O nas"},"content":{"rendered":"\t\t<div data-elementor-type=\"wp-page\" data-elementor-id=\"2404\" class=\"elementor elementor-2404\" data-elementor-post-type=\"page\">\n\t\t\t\t<div class=\"elementor-element elementor-element-e22035c e-flex e-con-boxed e-con e-parent\" data-id=\"e22035c\" data-element_type=\"container\" data-e-type=\"container\" data-settings=\"{&quot;background_background&quot;:&quot;gradient&quot;,&quot;ekit_has_onepagescroll_dot&quot;:&quot;yes&quot;}\">\n\t\t\t\t\t<div class=\"e-con-inner\">\n\t\t\t\t\t<\/div>\n\t\t\t\t<\/div>\n\t\t<div class=\"elementor-element elementor-element-d9d6cf5 e-con-full elementor-hidden-tablet elementor-hidden-mobile e-flex elementor-invisible e-con e-parent\" data-id=\"d9d6cf5\" data-element_type=\"container\" data-e-type=\"container\" data-settings=\"{&quot;background_background&quot;:&quot;classic&quot;,&quot;animation&quot;:&quot;fadeInDown&quot;,&quot;ekit_has_onepagescroll_dot&quot;:&quot;yes&quot;}\">\n\t\t\t\t<div class=\"elementor-element elementor-element-de45624 elementor-widget elementor-widget-image\" data-id=\"de45624\" data-element_type=\"widget\" data-e-type=\"widget\" data-settings=\"{&quot;ekit_we_effect_on&quot;:&quot;none&quot;}\" data-widget_type=\"image.default\">\n\t\t\t\t<div class=\"elementor-widget-container\">\n\t\t\t\t\t\t\t\t\t\t\t\t\t\t\t<img fetchpriority=\"high\" decoding=\"async\" width=\"740\" height=\"1024\" src=\"https:\/\/classictech.eu\/wp-content\/uploads\/2024\/10\/classictech_white-740x1024.png\" class=\"attachment-large size-large wp-image-716\" alt=\"\" srcset=\"https:\/\/classictech.eu\/wp-content\/uploads\/2024\/10\/classictech_white-740x1024.png 740w, https:\/\/classictech.eu\/wp-content\/uploads\/2024\/10\/classictech_white-217x300.png 217w, https:\/\/classictech.eu\/wp-content\/uploads\/2024\/10\/classictech_white-768x1063.png 768w, https:\/\/classictech.eu\/wp-content\/uploads\/2024\/10\/classictech_white.png 832w\" sizes=\"(max-width: 740px) 100vw, 740px\" \/>\t\t\t\t\t\t\t\t\t\t\t\t\t\t\t<\/div>\n\t\t\t\t<\/div>\n\t\t\t\t<\/div>\n\t\t<div class=\"elementor-element elementor-element-8d98b3a e-flex e-con-boxed e-con e-parent\" data-id=\"8d98b3a\" data-element_type=\"container\" data-e-type=\"container\" data-settings=\"{&quot;background_background&quot;:&quot;classic&quot;,&quot;ekit_has_onepagescroll_dot&quot;:&quot;yes&quot;}\">\n\t\t\t\t\t<div class=\"e-con-inner\">\n\t\t\t\t<div class=\"elementor-element elementor-element-983739a elementor-widget elementor-widget-text-editor\" data-id=\"983739a\" data-element_type=\"widget\" data-e-type=\"widget\" data-settings=\"{&quot;ekit_we_effect_on&quot;:&quot;none&quot;}\" data-widget_type=\"text-editor.default\">\n\t\t\t\t<div class=\"elementor-widget-container\">\n\t\t\t\t\t\t\t\t\t<p>O nas<\/p>\t\t\t\t\t\t\t\t<\/div>\n\t\t\t\t<\/div>\n\t\t\t\t<div class=\"elementor-element elementor-element-e2f33ac elementor-widget__width-initial elementor-widget elementor-widget-text-editor\" data-id=\"e2f33ac\" data-element_type=\"widget\" data-e-type=\"widget\" data-settings=\"{&quot;ekit_we_effect_on&quot;:&quot;none&quot;}\" data-widget_type=\"text-editor.default\">\n\t\t\t\t<div class=\"elementor-widget-container\">\n\t\t\t\t\t\t\t\t\t<p>Classictech to co\u015b wi\u0119cej ni\u017c firma \u2013 to spo\u0142eczno\u015b\u0107 pasjonat\u00f3w klasycznych samochod\u00f3w. Od lat z wielk\u0105 staranno\u015bci\u0105 i zaanga\u017cowaniem przywracamy blask pojazdom, kt\u00f3re sta\u0142y si\u0119 ikonami swoich czas\u00f3w. Ka\u017cde auto, kt\u00f3re trafia do naszego warsztatu, ma swoj\u0105 unikaln\u0105 histori\u0119, a naszym celem jest jej zachowanie i uwydatnienie. Dla nas praca to nie tylko obowi\u0105zek, ale przede wszystkim przyjemno\u015b\u0107, kt\u00f3ra pozwala \u0142\u0105czy\u0107 mi\u0142o\u015b\u0107 do motoryzacji z profesjonalizmem. Wierzymy, \u017ce klasyczne samochody s\u0105 nie tylko \u015bwiadectwem in\u017cynierskiej my\u015bli, ale r\u00f3wnie\u017c dzie\u0142ami sztuki, kt\u00f3re zas\u0142uguj\u0105 na drugie \u017cycie.<\/p>\t\t\t\t\t\t\t\t<\/div>\n\t\t\t\t<\/div>\n\t\t\t\t\t<\/div>\n\t\t\t\t<\/div>\n\t\t<div class=\"elementor-element elementor-element-82efc45 e-flex e-con-boxed e-con e-parent\" data-id=\"82efc45\" data-element_type=\"container\" data-e-type=\"container\" data-settings=\"{&quot;ekit_has_onepagescroll_dot&quot;:&quot;yes&quot;}\">\n\t\t\t\t\t<div class=\"e-con-inner\">\n\t\t<div class=\"elementor-element elementor-element-04d8d7f e-con-full e-flex e-con e-child\" data-id=\"04d8d7f\" data-element_type=\"container\" data-e-type=\"container\" data-settings=\"{&quot;ekit_has_onepagescroll_dot&quot;:&quot;yes&quot;}\">\n\t\t<div class=\"elementor-element elementor-element-c9e7e2a e-con-full e-flex e-con e-child\" data-id=\"c9e7e2a\" data-element_type=\"container\" data-e-type=\"container\" data-settings=\"{&quot;background_background&quot;:&quot;classic&quot;,&quot;ekit_has_onepagescroll_dot&quot;:&quot;yes&quot;}\">\n\t\t\t\t<\/div>\n\t\t<div class=\"elementor-element elementor-element-6555ed7 e-con-full e-flex e-con e-child\" data-id=\"6555ed7\" data-element_type=\"container\" data-e-type=\"container\" data-settings=\"{&quot;background_background&quot;:&quot;classic&quot;,&quot;ekit_has_onepagescroll_dot&quot;:&quot;yes&quot;}\">\n\t\t\t\t<div class=\"elementor-element elementor-element-c9fd85d elementor-widget elementor-widget-text-editor\" data-id=\"c9fd85d\" data-element_type=\"widget\" data-e-type=\"widget\" data-settings=\"{&quot;ekit_we_effect_on&quot;:&quot;none&quot;}\" data-widget_type=\"text-editor.default\">\n\t\t\t\t<div class=\"elementor-widget-container\">\n\t\t\t\t\t\t\t\t\t<p>Perfekcja w ka\u017cdym szczeg\u00f3le<\/p>\t\t\t\t\t\t\t\t<\/div>\n\t\t\t\t<\/div>\n\t\t\t\t<div class=\"elementor-element elementor-element-8333d21 elementor-widget-divider--view-line elementor-widget elementor-widget-divider\" data-id=\"8333d21\" data-element_type=\"widget\" data-e-type=\"widget\" data-settings=\"{&quot;ekit_we_effect_on&quot;:&quot;none&quot;}\" data-widget_type=\"divider.default\">\n\t\t\t\t<div class=\"elementor-widget-container\">\n\t\t\t\t\t\t\t<div class=\"elementor-divider\">\n\t\t\t<span class=\"elementor-divider-separator\">\n\t\t\t\t\t\t<\/span>\n\t\t<\/div>\n\t\t\t\t\t\t<\/div>\n\t\t\t\t<\/div>\n\t\t\t\t<div class=\"elementor-element elementor-element-e2999a9 elementor-widget__width-initial elementor-widget elementor-widget-text-editor\" data-id=\"e2999a9\" data-element_type=\"widget\" data-e-type=\"widget\" data-settings=\"{&quot;ekit_we_effect_on&quot;:&quot;none&quot;}\" data-widget_type=\"text-editor.default\">\n\t\t\t\t<div class=\"elementor-widget-container\">\n\t\t\t\t\t\t\t\t\t<p>W Classictech doskona\u0142o\u015b\u0107 to standard. Ka\u017cda renowacja jest wynikiem po\u0142\u0105czenia nowoczesnej technologii z tradycyjnym rzemios\u0142em. Nasz zesp\u00f3\u0142 sk\u0142ada si\u0119 z do\u015bwiadczonych mechanik\u00f3w, blacharzy, lakiernik\u00f3w i tapicer\u00f3w, kt\u00f3rzy wsp\u00f3lnie pracuj\u0105 nad ka\u017cdym detalem pojazdu. Starannie dobieramy oryginalne cz\u0119\u015bci zamienne lub tworzymy je na nowo, aby jak najlepiej odzwierciedla\u0142y pierwotny charakter samochodu. Dodatkowo, ka\u017cdy projekt ko\u0144czy si\u0119 kompleksow\u0105 kontrol\u0105 jako\u015bci, aby mie\u0107 pewno\u015b\u0107, \u017ce auto jest nie tylko pi\u0119kne, ale r\u00f3wnie\u017c w pe\u0142ni funkcjonalne. Wierzymy, \u017ce prawdziwe pi\u0119kno kryje si\u0119 w szczeg\u00f3\u0142ach \u2013 od perfekcyjnej linii karoserii, przez odrestaurowane wn\u0119trze, a\u017c po idealnie dzia\u0142aj\u0105cy silnik.<\/p>\t\t\t\t\t\t\t\t<\/div>\n\t\t\t\t<\/div>\n\t\t\t\t<\/div>\n\t\t\t\t<\/div>\n\t\t<div class=\"elementor-element elementor-element-c334fc6 e-con-full e-flex e-con e-child\" data-id=\"c334fc6\" data-element_type=\"container\" data-e-type=\"container\" data-settings=\"{&quot;ekit_has_onepagescroll_dot&quot;:&quot;yes&quot;}\">\n\t\t<div class=\"elementor-element elementor-element-d02390f e-con-full e-flex e-con e-child\" data-id=\"d02390f\" data-element_type=\"container\" data-e-type=\"container\" data-settings=\"{&quot;background_background&quot;:&quot;classic&quot;,&quot;ekit_has_onepagescroll_dot&quot;:&quot;yes&quot;}\">\n\t\t\t\t<div class=\"elementor-element elementor-element-a1174eb elementor-widget elementor-widget-text-editor\" data-id=\"a1174eb\" data-element_type=\"widget\" data-e-type=\"widget\" data-settings=\"{&quot;ekit_we_effect_on&quot;:&quot;none&quot;}\" data-widget_type=\"text-editor.default\">\n\t\t\t\t<div class=\"elementor-widget-container\">\n\t\t\t\t\t\t\t\t\t<p>Klasyczne auta \u2013 Twoja inwestycja w styl<\/p>\t\t\t\t\t\t\t\t<\/div>\n\t\t\t\t<\/div>\n\t\t\t\t<div class=\"elementor-element elementor-element-280294b elementor-widget-divider--view-line elementor-widget elementor-widget-divider\" data-id=\"280294b\" data-element_type=\"widget\" data-e-type=\"widget\" data-settings=\"{&quot;ekit_we_effect_on&quot;:&quot;none&quot;}\" data-widget_type=\"divider.default\">\n\t\t\t\t<div class=\"elementor-widget-container\">\n\t\t\t\t\t\t\t<div class=\"elementor-divider\">\n\t\t\t<span class=\"elementor-divider-separator\">\n\t\t\t\t\t\t<\/span>\n\t\t<\/div>\n\t\t\t\t\t\t<\/div>\n\t\t\t\t<\/div>\n\t\t\t\t<div class=\"elementor-element elementor-element-e71262d elementor-widget__width-initial elementor-widget elementor-widget-text-editor\" data-id=\"e71262d\" data-element_type=\"widget\" data-e-type=\"widget\" data-settings=\"{&quot;ekit_we_effect_on&quot;:&quot;none&quot;}\" data-widget_type=\"text-editor.default\">\n\t\t\t\t<div class=\"elementor-widget-container\">\n\t\t\t\t\t\t\t\t\t<p>Nasza oferta skierowana jest zar\u00f3wno do mi\u0142o\u015bnik\u00f3w klasyki, jak i inwestor\u00f3w, kt\u00f3rzy dostrzegaj\u0105 warto\u015b\u0107 w unikatowych pojazdach. Ka\u017cdy samoch\u00f3d, kt\u00f3ry opuszcza nasz\u0105 pracowni\u0119, to unikalny egzemplarz, kt\u00f3ry \u0142\u0105czy w sobie histori\u0119, styl i niezawodno\u015b\u0107. Wsp\u00f3\u0142pracujemy z kolekcjonerami z ca\u0142ej Europy, dostarczaj\u0105c im auta gotowe do jazdy, wystaw czy prywatnych kolekcji. Zdajemy sobie spraw\u0119, \u017ce zakup klasycznego samochodu to co\u015b wi\u0119cej ni\u017c transakcja \u2013 to inwestycja w marzenia i styl \u017cycia. Dlatego s\u0142u\u017cymy naszym klientom nie tylko wiedz\u0105 i do\u015bwiadczeniem, ale tak\u017ce kompleksowym wsparciem przy zakupie i piel\u0119gnacji ich wyj\u0105tkowych aut.<\/p>\t\t\t\t\t\t\t\t<\/div>\n\t\t\t\t<\/div>\n\t\t\t\t<\/div>\n\t\t<div class=\"elementor-element elementor-element-85eac10 e-con-full e-flex e-con e-child\" data-id=\"85eac10\" data-element_type=\"container\" data-e-type=\"container\" data-settings=\"{&quot;background_background&quot;:&quot;classic&quot;,&quot;ekit_has_onepagescroll_dot&quot;:&quot;yes&quot;}\">\n\t\t\t\t<\/div>\n\t\t\t\t<\/div>\n\t\t\t\t\t<\/div>\n\t\t\t\t<\/div>\n\t\t<div class=\"elementor-element elementor-element-a0afab1 e-flex e-con-boxed e-con e-parent\" data-id=\"a0afab1\" data-element_type=\"container\" data-e-type=\"container\" data-settings=\"{&quot;ekit_has_onepagescroll_dot&quot;:&quot;yes&quot;}\">\n\t\t\t\t\t<div class=\"e-con-inner\">\n\t\t\t\t\t<\/div>\n\t\t\t\t<\/div>\n\t\t\t\t<\/div>\n\t\t","protected":false},"excerpt":{"rendered":"<p>O nas Classictech to co\u015b wi\u0119cej ni\u017c firma \u2013 to spo\u0142eczno\u015b\u0107 pasjonat\u00f3w klasycznych samochod\u00f3w. Od lat z wielk\u0105 staranno\u015bci\u0105 i [&hellip;]<\/p>\n","protected":false},"author":1,"featured_media":0,"parent":0,"menu_order":0,"comment_status":"closed","ping_status":"closed","template":"","meta":{"site-sidebar-layout":"no-sidebar","site-content-layout":"","ast-site-content-layout":"full-width-container","site-content-style":"default","site-sidebar-style":"default","ast-global-header-display":"","ast-banner-title-visibility":"","ast-main-header-display":"disabled","ast-hfb-above-header-display":"","ast-hfb-below-header-display":"","ast-hfb-mobile-header-display":"disabled","site-post-title":"disabled","ast-breadcrumbs-content":"","ast-featured-img":"disabled","footer-sml-layout":"disabled","theme-transparent-header-meta":"default","adv-header-id-meta":"","stick-header-meta":"","header-above-stick-meta":"","header-main-stick-meta":"","header-below-stick-meta":"","astra-migrate-meta-layouts":"set","ast-page-background-enabled":"default","ast-page-background-meta":{"desktop":{"background-color":"var(--ast-global-color-4)","background-image":"","background-repeat":"repeat","background-position":"center center","background-size":"auto","background-attachment":"scroll","background-type":"","background-media":"","overlay-type":"","overlay-color":"","overlay-opacity":"","overlay-gradient":""},"tablet":{"background-color":"","background-image":"","background-repeat":"repeat","background-position":"center center","background-size":"auto","background-attachment":"scroll","background-type":"","background-media":"","overlay-type":"","overlay-color":"","overlay-opacity":"","overlay-gradient":""},"mobile":{"background-color":"","background-image":"","background-repeat":"repeat","background-position":"center center","background-size":"auto","background-attachment":"scroll","background-type":"","background-media":"","overlay-type":"","overlay-color":"","overlay-opacity":"","overlay-gradient":""}},"ast-content-background-meta":{"desktop":{"background-color":"var(--ast-global-color-5)","background-image":"","background-repeat":"repeat","background-position":"center center","background-size":"auto","background-attachment":"scroll","background-type":"","background-media":"","overlay-type":"","overlay-color":"","overlay-opacity":"","overlay-gradient":""},"tablet":{"background-color":"var(--ast-global-color-5)","background-image":"","background-repeat":"repeat","background-position":"center center","background-size":"auto","background-attachment":"scroll","background-type":"","background-media":"","overlay-type":"","overlay-color":"","overlay-opacity":"","overlay-gradient":""},"mobile":{"background-color":"var(--ast-global-color-5)","background-image":"","background-repeat":"repeat","background-position":"center center","background-size":"auto","background-attachment":"scroll","background-type":"","background-media":"","overlay-type":"","overlay-color":"","overlay-opacity":"","overlay-gradient":""}},"footnotes":""},"class_list":["post-2404","page","type-page","status-publish","hentry"],"_links":{"self":[{"href":"https:\/\/classictech.eu\/index.php?rest_route=\/wp\/v2\/pages\/2404","targetHints":{"allow":["GET"]}}],"collection":[{"href":"https:\/\/classictech.eu\/index.php?rest_route=\/wp\/v2\/pages"}],"about":[{"href":"https:\/\/classictech.eu\/index.php?rest_route=\/wp\/v2\/types\/page"}],"author":[{"embeddable":true,"href":"https:\/\/classictech.eu\/index.php?rest_route=\/wp\/v2\/users\/1"}],"replies":[{"embeddable":true,"href":"https:\/\/classictech.eu\/index.php?rest_route=%2Fwp%2Fv2%2Fcomments&post=2404"}],"version-history":[{"count":79,"href":"https:\/\/classictech.eu\/index.php?rest_route=\/wp\/v2\/pages\/2404\/revisions"}],"predecessor-version":[{"id":3958,"href":"https:\/\/classictech.eu\/index.php?rest_route=\/wp\/v2\/pages\/2404\/revisions\/3958"}],"wp:attachment":[{"href":"https:\/\/classictech.eu\/index.php?rest_route=%2Fwp%2Fv2%2Fmedia&parent=2404"}],"curies":[{"name":"wp","href":"https:\/\/api.w.org\/{rel}","templated":true}]}}